{"id":56,"date":"2026-04-13T10:58:46","date_gmt":"2026-04-13T08:58:46","guid":{"rendered":"https:\/\/labulledechevre.fr\/?page_id=56"},"modified":"2026-04-13T11:14:18","modified_gmt":"2026-04-13T09:14:18","slug":"les-points-de-vente-mis-a-jour-avril-2026","status":"publish","type":"page","link":"https:\/\/labulledechevre.fr\/index.php\/les-points-de-vente-mis-a-jour-avril-2026\/","title":{"rendered":"3-Les points de vente"},"content":{"rendered":"\n<p class=\"has-accent-2-background-color has-background\">A noter que nous produisons de mani\u00e8re saisonn\u00e9e : c&rsquo;est \u00e0 dire de mars \u00e0 d\u00e9cembre selon la saisonnalit\u00e9 des ch\u00e8vres. <\/p>\n\n\n<div class=\"wp-block-image is-style-rounded\">\n<figure class=\"alignright size-large is-resized\"><img loading=\"lazy\" decoding=\"async\" width=\"780\" height=\"1024\" src=\"http:\/\/labulledechevre.fr\/wp-content\/uploads\/2026\/04\/foire-27\uf02207\uf0222025-Bulle-de-chevre1-780x1024.jpg\" alt=\"\" class=\"wp-image-50\" style=\"width:413px;height:auto\" srcset=\"https:\/\/labulledechevre.fr\/wp-content\/uploads\/2026\/04\/foire-27\uf02207\uf0222025-Bulle-de-chevre1-780x1024.jpg 780w, https:\/\/labulledechevre.fr\/wp-content\/uploads\/2026\/04\/foire-27\uf02207\uf0222025-Bulle-de-chevre1-229x300.jpg 229w, https:\/\/labulledechevre.fr\/wp-content\/uploads\/2026\/04\/foire-27\uf02207\uf0222025-Bulle-de-chevre1-768x1008.jpg 768w, https:\/\/labulledechevre.fr\/wp-content\/uploads\/2026\/04\/foire-27\uf02207\uf0222025-Bulle-de-chevre1-1170x1536.jpg 1170w, https:\/\/labulledechevre.fr\/wp-content\/uploads\/2026\/04\/foire-27\uf02207\uf0222025-Bulle-de-chevre1-1560x2048.jpg 1560w, https:\/\/labulledechevre.fr\/wp-content\/uploads\/2026\/04\/foire-27\uf02207\uf0222025-Bulle-de-chevre1-scaled.jpg 1950w\" sizes=\"(max-width: 780px) 100vw, 780px\" \/><\/figure><\/div>\n\n\n<ul>\n<li><strong>Vente directe \u00e0 la ferme<\/strong> (355 rue du meunier 16170 Val d&rsquo;Auge) :\n<ul>\n<li>Mardi 16h30 &#8211; 18h sur commande uniquement <\/li>\n\n\n\n<li>Samedi 9h30 &#8211; 12h <\/li>\n<\/ul>\n<\/li>\n\n\n\n<li><strong>March\u00e9 de Matha<\/strong> (17) le samedi matin<\/li>\n\n\n\n<li><strong>Foire de Rouillac <\/strong>tous les 27 du mois<\/li>\n\n\n\n<li>March\u00e9 paysan de Villars Les bois \u00e0 la ferme B\u00e9gaud le 1er et 3eme vendredi soir du mois.<\/li>\n\n\n\n<li>March\u00e9s de producteurs de pays en Charente<\/li>\n\n\n\n<li>Quelques \u00e9v\u00e8nements : Les soir\u00e9es sarabandes. <\/li>\n<\/ul>\n\n\n\n<p>Les points de vente : <\/p>\n\n\n\n<ul>\n<li><strong>Magasins de producteurs :<\/strong>\n<ul>\n<li>Le Panier des coquelicots ouvert le mercredi 15h-19h et le vendredi 9h30-18h30 \u00e0 Cognac (16)<\/li>\n\n\n\n<li>Les l\u00e9gumes du Logis \u00e0 Val d&rsquo;Auge (16) <\/li>\n\n\n\n<li>La Gare grouille \u00e0 Saint Savinien (17)<\/li>\n\n\n\n<li>Lokalit\u00e9 \u00e9picerie itin\u00e9rante de Terroir (17 et 16)<\/li>\n<\/ul>\n<\/li>\n\n\n\n<li><strong>Les cr\u00e9miers :<\/strong>\n<ul>\n<li>Les fromages de Malo \u00e0 St Cybard <\/li>\n<\/ul>\n<\/li>\n\n\n\n<li><strong>Les restaurants :<\/strong>\n<ul>\n<li>Chez des Gens \u00e0 Br\u00e9ville (16)<\/li>\n\n\n\n<li>Restaurant La Nauve \u00e0 Cognac (16)<\/li>\n<\/ul>\n<\/li>\n<\/ul>\n\n\n\n<p>Particulier ? pour commander c&rsquo;est par i\u00e7i : <a href=\"https:\/\/commande.kuupanda.com\/producteur\/3239\/particulier\" data-type=\"link\" data-id=\"https:\/\/commande.kuupanda.com\/producteur\/3239\/particulier\">https:\/\/commande.kuupanda.com\/producteur\/3239\/particulier<\/a><\/p>\n\n\n\n<p>Professionnel ? N&rsquo;h\u00e9sitez pas \u00e0 nous contacter au 0622932925 ou par email labulledechevre@gmail.com<\/p>\n","protected":false},"excerpt":{"rendered":"<p>A noter que nous produisons de mani\u00e8re saisonn\u00e9e : c&rsquo;est \u00e0 dire de mars \u00e0 d\u00e9cembre selon la saisonnalit\u00e9 des ch\u00e8vres. Les points de vente &hellip;<\/p>\n","protected":false},"author":2,"featured_media":0,"parent":0,"menu_order":0,"comment_status":"closed","ping_status":"closed","template":"","meta":{"footnotes":""},"_links":{"self":[{"href":"https:\/\/labulledechevre.fr\/index.php\/wp-json\/wp\/v2\/pages\/56"}],"collection":[{"href":"https:\/\/labulledechevre.fr\/index.php\/wp-json\/wp\/v2\/pages"}],"about":[{"href":"https:\/\/labulledechevre.fr\/index.php\/wp-json\/wp\/v2\/types\/page"}],"author":[{"embeddable":true,"href":"https:\/\/labulledechevre.fr\/index.php\/wp-json\/wp\/v2\/users\/2"}],"replies":[{"embeddable":true,"href":"https:\/\/labulledechevre.fr\/index.php\/wp-json\/wp\/v2\/comments?post=56"}],"version-history":[{"count":4,"href":"https:\/\/labulledechevre.fr\/index.php\/wp-json\/wp\/v2\/pages\/56\/revisions"}],"predecessor-version":[{"id":67,"href":"https:\/\/labulledechevre.fr\/index.php\/wp-json\/wp\/v2\/pages\/56\/revisions\/67"}],"wp:attachment":[{"href":"https:\/\/labulledechevre.fr\/index.php\/wp-json\/wp\/v2\/media?parent=56"}],"curies":[{"name":"wp","href":"https:\/\/api.w.org\/{rel}","templated":true}]}}