{"id":22,"date":"2024-06-11T22:29:42","date_gmt":"2024-06-11T20:29:42","guid":{"rendered":"http:\/\/labullx.cluster023.hosting.ovh.net\/?page_id=22"},"modified":"2026-04-13T11:14:01","modified_gmt":"2026-04-13T09:14:01","slug":"les-fromages","status":"publish","type":"page","link":"https:\/\/labulledechevre.fr\/index.php\/les-fromages\/","title":{"rendered":"2-Les produits"},"content":{"rendered":"\n<p>L&rsquo;ensemble des produits pr\u00e9sents sont tous issus du lait cru de nos ch\u00e8vres : c&rsquo;est du FERMIER !<\/p>\n\n\n\n<ul>\n<li>Les fromages frais \n<ul>\n<li>Le P&rsquo;tit Frais , fromage incontournable dans les salades ou au petit d\u00e9jeuner !<\/li>\n\n\n\n<li>Les crottins aromatis\u00e9s : \n<ul>\n<li>Surprenant : citron et poivre vert<\/li>\n\n\n\n<li>Crotail et ses fines herbes <\/li>\n\n\n\n<li>New D\u00e9lice : Curry Menthe et graines de Pavot<\/li>\n\n\n\n<li>L&rsquo;\u00e9ph\u00e9m\u00e8re : selon l&rsquo;humeur de la fermi\u00e8re !<\/li>\n<\/ul>\n<\/li>\n<\/ul>\n<\/li>\n\n\n\n<li>Les fromages affin\u00e9s \n<ul>\n<li>Le ronfin\u00e9 : petit par son format mais doux et ferme <\/li>\n\n\n\n<li>Le lingot (M\u00e9daille d&rsquo;Or 2024 concours Saveurs Nouvelle Aquitaine) <\/li>\n\n\n\n<li>Le Momo moelleux et g\u00e9n\u00e9reux <\/li>\n\n\n\n<li>La demi-lune cendr\u00e9e <\/li>\n\n\n\n<li>Les ap\u00e9robiques <\/li>\n<\/ul>\n<\/li>\n\n\n\n<li>La tomme de ch\u00e8vre affin\u00e9e sur planche pendant 3 semaines \u00e0 6 mois. <\/li>\n\n\n\n<li>Les desserts :\n<ul>\n<li>Yaourt nature au lait de ch\u00e8vre : peu acide, onctueux, laissez vous surprendre ! <\/li>\n\n\n\n<li>Fromage blanc (M\u00e9daille de bronze 2024 au concours saveurs Nouvelle Aquitaine)<\/li>\n<\/ul>\n<\/li>\n<\/ul>\n\n\n\n<figure class=\"wp-block-gallery has-nested-images columns-default is-cropped wp-block-gallery-1 is-layout-flex wp-block-gallery-is-layout-flex\">\n<figure class=\"wp-block-image size-large\"><img loading=\"lazy\" decoding=\"async\" width=\"768\" height=\"1024\" data-id=\"52\" src=\"https:\/\/labulledechevre.fr\/wp-content\/uploads\/2026\/04\/IMG-1552-768x1024.jpg\" alt=\"\" class=\"wp-image-52\" srcset=\"https:\/\/labulledechevre.fr\/wp-content\/uploads\/2026\/04\/IMG-1552-768x1024.jpg 768w, https:\/\/labulledechevre.fr\/wp-content\/uploads\/2026\/04\/IMG-1552-225x300.jpg 225w, https:\/\/labulledechevre.fr\/wp-content\/uploads\/2026\/04\/IMG-1552-1152x1536.jpg 1152w, https:\/\/labulledechevre.fr\/wp-content\/uploads\/2026\/04\/IMG-1552-1536x2048.jpg 1536w, https:\/\/labulledechevre.fr\/wp-content\/uploads\/2026\/04\/IMG-1552-scaled.jpg 1920w\" sizes=\"(max-width: 768px) 100vw, 768px\" \/><\/figure>\n\n\n\n<figure class=\"wp-block-image size-large\"><img loading=\"lazy\" decoding=\"async\" width=\"928\" height=\"928\" data-id=\"46\" src=\"https:\/\/labulledechevre.fr\/wp-content\/uploads\/2026\/04\/0010.jpg\" alt=\"\" class=\"wp-image-46\" srcset=\"https:\/\/labulledechevre.fr\/wp-content\/uploads\/2026\/04\/0010.jpg 928w, https:\/\/labulledechevre.fr\/wp-content\/uploads\/2026\/04\/0010-300x300.jpg 300w, https:\/\/labulledechevre.fr\/wp-content\/uploads\/2026\/04\/0010-150x150.jpg 150w, https:\/\/labulledechevre.fr\/wp-content\/uploads\/2026\/04\/0010-768x768.jpg 768w\" sizes=\"(max-width: 928px) 100vw, 928px\" \/><\/figure>\n\n\n\n<figure class=\"wp-block-image size-large\"><img loading=\"lazy\" decoding=\"async\" width=\"1024\" height=\"683\" data-id=\"8\" src=\"https:\/\/labulledechevre.fr\/wp-content\/uploads\/2024\/06\/0527-BULLE-DE-CHEVRE-2-1024x683.jpg\" alt=\"\" class=\"wp-image-8\" srcset=\"https:\/\/labulledechevre.fr\/wp-content\/uploads\/2024\/06\/0527-BULLE-DE-CHEVRE-2-1024x683.jpg 1024w, https:\/\/labulledechevre.fr\/wp-content\/uploads\/2024\/06\/0527-BULLE-DE-CHEVRE-2-300x200.jpg 300w, https:\/\/labulledechevre.fr\/wp-content\/uploads\/2024\/06\/0527-BULLE-DE-CHEVRE-2-768x512.jpg 768w, https:\/\/labulledechevre.fr\/wp-content\/uploads\/2024\/06\/0527-BULLE-DE-CHEVRE-2-1536x1024.jpg 1536w, https:\/\/labulledechevre.fr\/wp-content\/uploads\/2024\/06\/0527-BULLE-DE-CHEVRE-2-2048x1365.jpg 2048w, https:\/\/labulledechevre.fr\/wp-content\/uploads\/2024\/06\/0527-BULLE-DE-CHEVRE-2-421x281.jpg 421w\" sizes=\"(max-width: 1024px) 100vw, 1024px\" \/><\/figure>\n\n\n\n<figure class=\"wp-block-image size-large\"><img loading=\"lazy\" decoding=\"async\" width=\"1024\" height=\"1024\" data-id=\"45\" src=\"https:\/\/labulledechevre.fr\/wp-content\/uploads\/2026\/04\/0090-1024x1024.jpg\" alt=\"\" class=\"wp-image-45\" srcset=\"https:\/\/labulledechevre.fr\/wp-content\/uploads\/2026\/04\/0090-1024x1024.jpg 1024w, https:\/\/labulledechevre.fr\/wp-content\/uploads\/2026\/04\/0090-300x300.jpg 300w, https:\/\/labulledechevre.fr\/wp-content\/uploads\/2026\/04\/0090-150x150.jpg 150w, https:\/\/labulledechevre.fr\/wp-content\/uploads\/2026\/04\/0090-768x768.jpg 768w, https:\/\/labulledechevre.fr\/wp-content\/uploads\/2026\/04\/0090.jpg 1373w\" sizes=\"(max-width: 1024px) 100vw, 1024px\" \/><figcaption class=\"wp-element-caption\">Le lingot<\/figcaption><\/figure>\n\n\n\n<figure class=\"wp-block-image size-large\"><img loading=\"lazy\" decoding=\"async\" width=\"1024\" height=\"1024\" data-id=\"44\" src=\"https:\/\/labulledechevre.fr\/wp-content\/uploads\/2026\/04\/Ptit-frais-1024x1024.jpg\" alt=\"\" class=\"wp-image-44\" srcset=\"https:\/\/labulledechevre.fr\/wp-content\/uploads\/2026\/04\/Ptit-frais-1024x1024.jpg 1024w, https:\/\/labulledechevre.fr\/wp-content\/uploads\/2026\/04\/Ptit-frais-300x300.jpg 300w, https:\/\/labulledechevre.fr\/wp-content\/uploads\/2026\/04\/Ptit-frais-150x150.jpg 150w, https:\/\/labulledechevre.fr\/wp-content\/uploads\/2026\/04\/Ptit-frais-768x768.jpg 768w, https:\/\/labulledechevre.fr\/wp-content\/uploads\/2026\/04\/Ptit-frais.jpg 1073w\" sizes=\"(max-width: 1024px) 100vw, 1024px\" \/><figcaption class=\"wp-element-caption\">Le P&rsquo;tit Frais<\/figcaption><\/figure>\n\n\n\n<figure class=\"wp-block-image size-large\"><img loading=\"lazy\" decoding=\"async\" width=\"1024\" height=\"426\" data-id=\"13\" src=\"https:\/\/labulledechevre.fr\/wp-content\/uploads\/2024\/06\/cropped-0527-BULLE-DE-CHEVRE-9-scaled-1-1024x426.jpg\" alt=\"\" class=\"wp-image-13\" srcset=\"https:\/\/labulledechevre.fr\/wp-content\/uploads\/2024\/06\/cropped-0527-BULLE-DE-CHEVRE-9-scaled-1-1024x426.jpg 1024w, https:\/\/labulledechevre.fr\/wp-content\/uploads\/2024\/06\/cropped-0527-BULLE-DE-CHEVRE-9-scaled-1-300x125.jpg 300w, https:\/\/labulledechevre.fr\/wp-content\/uploads\/2024\/06\/cropped-0527-BULLE-DE-CHEVRE-9-scaled-1-768x320.jpg 768w, https:\/\/labulledechevre.fr\/wp-content\/uploads\/2024\/06\/cropped-0527-BULLE-DE-CHEVRE-9-scaled-1-1536x639.jpg 1536w, https:\/\/labulledechevre.fr\/wp-content\/uploads\/2024\/06\/cropped-0527-BULLE-DE-CHEVRE-9-scaled-1-421x175.jpg 421w, https:\/\/labulledechevre.fr\/wp-content\/uploads\/2024\/06\/cropped-0527-BULLE-DE-CHEVRE-9-scaled-1.jpg 1706w\" sizes=\"(max-width: 1024px) 100vw, 1024px\" \/><figcaption class=\"wp-element-caption\">Tomme <\/figcaption><\/figure>\n<\/figure>\n","protected":false},"excerpt":{"rendered":"<p>L&rsquo;ensemble des produits pr\u00e9sents sont tous issus du lait cru de nos ch\u00e8vres : c&rsquo;est du FERMIER !<\/p>\n","protected":false},"author":1,"featured_media":0,"parent":0,"menu_order":0,"comment_status":"closed","ping_status":"closed","template":"","meta":{"footnotes":""},"_links":{"self":[{"href":"https:\/\/labulledechevre.fr\/index.php\/wp-json\/wp\/v2\/pages\/22"}],"collection":[{"href":"https:\/\/labulledechevre.fr\/index.php\/wp-json\/wp\/v2\/pages"}],"about":[{"href":"https:\/\/labulledechevre.fr\/index.php\/wp-json\/wp\/v2\/types\/page"}],"author":[{"embeddable":true,"href":"https:\/\/labulledechevre.fr\/index.php\/wp-json\/wp\/v2\/users\/1"}],"replies":[{"embeddable":true,"href":"https:\/\/labulledechevre.fr\/index.php\/wp-json\/wp\/v2\/comments?post=22"}],"version-history":[{"count":4,"href":"https:\/\/labulledechevre.fr\/index.php\/wp-json\/wp\/v2\/pages\/22\/revisions"}],"predecessor-version":[{"id":66,"href":"https:\/\/labulledechevre.fr\/index.php\/wp-json\/wp\/v2\/pages\/22\/revisions\/66"}],"wp:attachment":[{"href":"https:\/\/labulledechevre.fr\/index.php\/wp-json\/wp\/v2\/media?parent=22"}],"curies":[{"name":"wp","href":"https:\/\/api.w.org\/{rel}","templated":true}]}}